{"id":2,"date":"2020-04-01T10:28:04","date_gmt":"2020-04-01T08:28:04","guid":{"rendered":"http:\/\/osteovet.at\/cms\/?page_id=2"},"modified":"2023-09-07T12:35:01","modified_gmt":"2023-09-07T10:35:01","slug":"unser-team","status":"publish","type":"page","link":"https:\/\/osteovet.at\/cms\/unser-team\/","title":{"rendered":"Unser Team"},"content":{"rendered":"\t\t<div data-elementor-type=\"wp-page\" data-elementor-id=\"2\" class=\"elementor elementor-2\">\n\t\t\t\t\t\t<section class=\"elementor-section elementor-top-section elementor-element elementor-element-3ef695a elementor-section-boxed elementor-section-height-default elementor-section-height-default\" data-id=\"3ef695a\" data-element_type=\"section\" data-e-type=\"section\">\n\t\t\t\t\t\t<div class=\"elementor-container elementor-column-gap-default\">\n\t\t\t\t\t<div class=\"elementor-column elementor-col-100 elementor-top-column elementor-element elementor-element-c15a602\" data-id=\"c15a602\" data-element_type=\"column\" data-e-type=\"column\">\n\t\t\t<div class=\"elementor-widget-wrap\">\n\t\t\t\t\t\t\t<\/div>\n\t\t<\/div>\n\t\t\t\t\t<\/div>\n\t\t<\/section>\n\t\t\t\t<section class=\"elementor-section elementor-top-section elementor-element elementor-element-0cb72e5 elementor-section-boxed elementor-section-height-default elementor-section-height-default\" data-id=\"0cb72e5\" data-element_type=\"section\" data-e-type=\"section\">\n\t\t\t\t\t\t<div class=\"elementor-container elementor-column-gap-default\">\n\t\t\t\t\t<div class=\"elementor-column elementor-col-50 elementor-top-column elementor-element elementor-element-bb7d3f1\" data-id=\"bb7d3f1\" data-element_type=\"column\" data-e-type=\"column\">\n\t\t\t<div class=\"elementor-widget-wrap elementor-element-populated\">\n\t\t\t\t\t\t<div class=\"elementor-element elementor-element-c511305 elementor-widget elementor-widget-image\" data-id=\"c511305\" data-element_type=\"widget\" data-e-type=\"widget\" data-widget_type=\"image.default\">\n\t\t\t\t<div class=\"elementor-widget-container\">\n\t\t\t\t\t\t\t\t\t\t\t\t\t\t\t<img decoding=\"async\" src=\"https:\/\/osteovet.at\/cms\/wp-content\/uploads\/2021\/04\/a4c27db4-a626-46ee-b145-47b6dd61ee99-e1617727239515.jpg\" title=\"a4c27db4-a626-46ee-b145-47b6dd61ee99\" alt=\"a4c27db4-a626-46ee-b145-47b6dd61ee99\" loading=\"lazy\" \/>\t\t\t\t\t\t\t\t\t\t\t\t\t\t\t<\/div>\n\t\t\t\t<\/div>\n\t\t\t\t<div class=\"elementor-element elementor-element-079e14d elementor-widget elementor-widget-heading\" data-id=\"079e14d\" data-element_type=\"widget\" data-e-type=\"widget\" data-widget_type=\"heading.default\">\n\t\t\t\t<div class=\"elementor-widget-container\">\n\t\t\t\t\t<h2 class=\"elementor-heading-title elementor-size-default\">Mag. Gudrun Neuhauser<\/h2>\t\t\t\t<\/div>\n\t\t\t\t<\/div>\n\t\t\t\t<div class=\"elementor-element elementor-element-eb5e16c elementor-widget elementor-widget-text-editor\" data-id=\"eb5e16c\" data-element_type=\"widget\" data-e-type=\"widget\" data-widget_type=\"text-editor.default\">\n\t\t\t\t<div class=\"elementor-widget-container\">\n\t\t\t\t\t\t\t\t\t<p>Zu meinem Leben geh\u00f6ren seit 1996 mein Mann G\u00fcnther Neuhauser und seit 11.10.2009 unsere Tochter Nina.<\/p><p>Dann gibt es noch die ungarische Warmblutstute Pippa, und PRE Gitano, eine\u00a0Mudih\u00fcndin\u00a0Billy, 1 Magyar Viszla H\u00fcndin Ilvy und 1 R\u00fcde Maxi, sowie 4 Katzen.<\/p><p>Seit meinem 6. Lebensjahr ist Reiten mein vorrangiges Hobby. Wenn es die Zeit erlaubt gehe ich auch noch gerne schwimmen und fahre mit den Hunden eine Runde mit dem Fahrrad oder bin mit meiner Familie mit dem Kanu unterwegs.<\/p>\t\t\t\t\t\t\t\t<\/div>\n\t\t\t\t<\/div>\n\t\t\t\t<div class=\"elementor-element elementor-element-65f7098 elementor-widget elementor-widget-toggle\" data-id=\"65f7098\" data-element_type=\"widget\" data-e-type=\"widget\" data-widget_type=\"toggle.default\">\n\t\t\t\t<div class=\"elementor-widget-container\">\n\t\t\t\t\t\t\t<div class=\"elementor-toggle\">\n\t\t\t\t\t\t\t<div class=\"elementor-toggle-item\">\n\t\t\t\t\t<div id=\"elementor-tab-title-1061\" class=\"elementor-tab-title\" data-tab=\"1\" role=\"button\" aria-controls=\"elementor-tab-content-1061\" aria-expanded=\"false\">\n\t\t\t\t\t\t\t\t\t\t\t\t<span class=\"elementor-toggle-icon elementor-toggle-icon-left\" aria-hidden=\"true\">\n\t\t\t\t\t\t\t\t\t\t\t\t\t\t\t<span class=\"elementor-toggle-icon-closed\"><i class=\"fas fa-caret-down\"><\/i><\/span>\n\t\t\t\t\t\t\t\t<span class=\"elementor-toggle-icon-opened\"><i class=\"elementor-toggle-icon-opened fas fa-caret-up\"><\/i><\/span>\n\t\t\t\t\t\t\t\t\t\t\t\t\t<\/span>\n\t\t\t\t\t\t\t\t\t\t\t\t<a class=\"elementor-toggle-title\" tabindex=\"0\">Werdegang<\/a>\n\t\t\t\t\t<\/div>\n\n\t\t\t\t\t<div id=\"elementor-tab-content-1061\" class=\"elementor-tab-content elementor-clearfix\" data-tab=\"1\" role=\"region\" aria-labelledby=\"elementor-tab-title-1061\">Ich wurde in der Steiermark geboren und bin dort auch aufgewachsen.\nLaut meinen Eltern habe ich schon mit 4 Jahren davon gesprochen, einmal Tier\u00e4rztin zu werden!\n\nMeinem Traumberuf folgend, bin ich deshalb 1991, nach erfolgreicher Absolvierung der Matura am Gymnasium Judenburg, ohne Umwege nach Wien gegangen um dort mein Studium zu beginnen. Nach Beendigung des Studiums an der Veterin\u00e4rmedizin Wien verschlug mich der Zufall in eine Klinik f\u00fcr Kleintiere, Reptilien und V\u00f6gel in Wien, wo ich 2 Jahre lang gearbeitet habe.\n\nNebenbei wurde schon an meiner eigener Praxis in Tallesbrunn gebaut. Diese habe ich dann im November 2002 er\u00f6ffnet.\n\nSchon w\u00e4hrend des Studiums habe ich bei einigen Tier\u00e4rzten mitgearbeitet und an etlichen zus\u00e4tzlichen Fortbildungen teilgenommen.\n\nEine st\u00e4ndige berufliche Weiterbildung geh\u00f6rt f\u00fcr mich zur Selbstverst\u00e4ndlichkeit!\n2004 habe ich au\u00dferdem zus\u00e4tzlich eine Ausbildung zum Pferdeosteotherapeuten am DIPO (Deutsches Institut f\u00fcr\u00a0Pferdeosteopathie) bei Frau Schulte Wien in Deutschland begonnen und diese im Juni 2006 erfolgreich abgeschlossen.\n\nGemeinsam mit einigen Berufskolleginnen besuche ich regelm\u00e4\u00dfig nationale und internationale Kongresse.<\/div>\n\t\t\t\t<\/div>\n\t\t\t\t\t\t\t\t<\/div>\n\t\t\t\t\t\t<\/div>\n\t\t\t\t<\/div>\n\t\t\t\t\t<\/div>\n\t\t<\/div>\n\t\t\t\t<div class=\"elementor-column elementor-col-50 elementor-top-column elementor-element elementor-element-6acd042\" data-id=\"6acd042\" data-element_type=\"column\" data-e-type=\"column\">\n\t\t\t<div class=\"elementor-widget-wrap elementor-element-populated\">\n\t\t\t\t\t\t<div class=\"elementor-element elementor-element-0327fe1 elementor-widget elementor-widget-image\" data-id=\"0327fe1\" data-element_type=\"widget\" data-e-type=\"widget\" data-widget_type=\"image.default\">\n\t\t\t\t<div class=\"elementor-widget-container\">\n\t\t\t\t\t\t\t\t\t\t\t\t\t\t\t<img decoding=\"async\" src=\"https:\/\/osteovet.at\/cms\/wp-content\/uploads\/2020\/04\/hoenig.png\" title=\"hoenig\" alt=\"hoenig\" loading=\"lazy\" \/>\t\t\t\t\t\t\t\t\t\t\t\t\t\t\t<\/div>\n\t\t\t\t<\/div>\n\t\t\t\t<div class=\"elementor-element elementor-element-eedaaad elementor-widget elementor-widget-heading\" data-id=\"eedaaad\" data-element_type=\"widget\" data-e-type=\"widget\" data-widget_type=\"heading.default\">\n\t\t\t\t<div class=\"elementor-widget-container\">\n\t\t\t\t\t<h2 class=\"elementor-heading-title elementor-size-default\">Mag. Angelika H\u00f6nig<\/h2>\t\t\t\t<\/div>\n\t\t\t\t<\/div>\n\t\t\t\t<div class=\"elementor-element elementor-element-6589dea elementor-widget elementor-widget-text-editor\" data-id=\"6589dea\" data-element_type=\"widget\" data-e-type=\"widget\" data-widget_type=\"text-editor.default\">\n\t\t\t\t<div class=\"elementor-widget-container\">\n\t\t\t\t\t\t\t\t\t<p>Mein Name ist Mag. Angelika H\u00f6nig, geboren bin ich in Wien, aufgewachsen in Wien und Nieder\u00f6sterreich.<\/p><p>Meine Liebe zu allem was kreucht und fleucht, w\u00e4chst, bl\u00fcht und brummt war schon in meiner Kindheit ein zentraler Punkt meines Lebens und so war ich eher im Garten auf einem Baum als drinnen beim Puppenspielen zu finden.<\/p><p>Mein Studium der Veterin\u00e4rmedizin begann ich zeitgleich mit meiner guten Freundin Mag. Neuhauser, die ich schon fr\u00fch in einem der zahlreichen H\u00f6rs\u00e4ale kennen lernte.<\/p><p>Seit vielen Jahren darf ich nun schon Teil des Tierarztpraxisteams Tallesbrunn sein, meine Freizeit verbringe ich haupts\u00e4chlich im Blumen-und Gem\u00fcsebeet unseres Gartens umgeben und begleitet von unseren Tieren, darunter eine muntere H\u00fchnerschar.Ich freue mich, Sie und Ihr Tier demn\u00e4chst in unserer Ordination begr\u00fc\u00dfen zu d\u00fcrfen!<\/p>\t\t\t\t\t\t\t\t<\/div>\n\t\t\t\t<\/div>\n\t\t\t\t\t<\/div>\n\t\t<\/div>\n\t\t\t\t\t<\/div>\n\t\t<\/section>\n\t\t\t\t<section class=\"elementor-section elementor-top-section elementor-element elementor-element-a3f5c93 elementor-section-boxed elementor-section-height-default elementor-section-height-default\" data-id=\"a3f5c93\" data-element_type=\"section\" data-e-type=\"section\">\n\t\t\t\t\t\t<div class=\"elementor-container elementor-column-gap-default\">\n\t\t\t\t\t<div class=\"elementor-column elementor-col-100 elementor-top-column elementor-element elementor-element-16e1d73\" data-id=\"16e1d73\" data-element_type=\"column\" data-e-type=\"column\">\n\t\t\t<div class=\"elementor-widget-wrap\">\n\t\t\t\t\t\t\t<\/div>\n\t\t<\/div>\n\t\t\t\t\t<\/div>\n\t\t<\/section>\n\t\t\t\t<\/div>\n\t\t","protected":false},"excerpt":{"rendered":"<p>Mag. Gudrun Neuhauser Zu meinem Leben geh\u00f6ren seit 1996 mein Mann G\u00fcnther Neuhauser und seit 11.10.2009 unsere Tochter Nina. Dann gibt es noch die ungarische Warmblutstute Pippa, und PRE Gitano, eine\u00a0Mudih\u00fcndin\u00a0Billy, 1 Magyar Viszla H\u00fcndin Ilvy und 1 R\u00fcde Maxi, sowie 4 Katzen. Seit meinem 6. Lebensjahr ist Reiten mein vorrangiges Hobby. Wenn es die&hellip;&nbsp;<a href=\"https:\/\/osteovet.at\/cms\/unser-team\/\" rel=\"bookmark\">Read More &raquo;<span class=\"screen-reader-text\">Unser Team<\/span><\/a><\/p>\n","protected":false},"author":1,"featured_media":576,"parent":0,"menu_order":0,"comment_status":"closed","ping_status":"open","template":"","meta":{"neve_meta_sidebar":"full-width","neve_meta_container":"default","neve_meta_enable_content_width":"on","neve_meta_content_width":100,"neve_meta_title_alignment":"","neve_meta_author_avatar":"","neve_post_elements_order":"","neve_meta_disable_header":"","neve_meta_disable_footer":"","neve_meta_disable_title":"","neve_meta_reading_time":"","_themeisle_gutenberg_block_has_review":false,"footnotes":""},"class_list":["post-2","page","type-page","status-publish","has-post-thumbnail","hentry"],"_links":{"self":[{"href":"https:\/\/osteovet.at\/cms\/wp-json\/wp\/v2\/pages\/2","targetHints":{"allow":["GET"]}}],"collection":[{"href":"https:\/\/osteovet.at\/cms\/wp-json\/wp\/v2\/pages"}],"about":[{"href":"https:\/\/osteovet.at\/cms\/wp-json\/wp\/v2\/types\/page"}],"author":[{"embeddable":true,"href":"https:\/\/osteovet.at\/cms\/wp-json\/wp\/v2\/users\/1"}],"replies":[{"embeddable":true,"href":"https:\/\/osteovet.at\/cms\/wp-json\/wp\/v2\/comments?post=2"}],"version-history":[{"count":79,"href":"https:\/\/osteovet.at\/cms\/wp-json\/wp\/v2\/pages\/2\/revisions"}],"predecessor-version":[{"id":1200,"href":"https:\/\/osteovet.at\/cms\/wp-json\/wp\/v2\/pages\/2\/revisions\/1200"}],"wp:featuredmedia":[{"embeddable":true,"href":"https:\/\/osteovet.at\/cms\/wp-json\/wp\/v2\/media\/576"}],"wp:attachment":[{"href":"https:\/\/osteovet.at\/cms\/wp-json\/wp\/v2\/media?parent=2"}],"curies":[{"name":"wp","href":"https:\/\/api.w.org\/{rel}","templated":true}]}}