{"id":470,"date":"2020-11-08T09:46:07","date_gmt":"2020-11-08T08:46:07","guid":{"rendered":"http:\/\/osteovet.at\/cms\/?page_id=470"},"modified":"2021-01-11T18:04:47","modified_gmt":"2021-01-11T17:04:47","slug":"ordination","status":"publish","type":"page","link":"https:\/\/osteovet.at\/cms\/ordination\/","title":{"rendered":"Ordination"},"content":{"rendered":"\t\t<div data-elementor-type=\"wp-page\" data-elementor-id=\"470\" class=\"elementor elementor-470\">\n\t\t\t\t\t\t<section class=\"elementor-section elementor-top-section elementor-element elementor-element-b727b2c elementor-section-boxed elementor-section-height-default elementor-section-height-default\" data-id=\"b727b2c\" data-element_type=\"section\" data-e-type=\"section\">\n\t\t\t\t\t\t<div class=\"elementor-container elementor-column-gap-default\">\n\t\t\t\t\t<div class=\"elementor-column elementor-col-100 elementor-top-column elementor-element elementor-element-49892f9\" data-id=\"49892f9\" data-element_type=\"column\" data-e-type=\"column\">\n\t\t\t<div class=\"elementor-widget-wrap elementor-element-populated\">\n\t\t\t\t\t\t<section class=\"elementor-section elementor-inner-section elementor-element elementor-element-4dd3bce elementor-section-boxed elementor-section-height-default elementor-section-height-default\" data-id=\"4dd3bce\" data-element_type=\"section\" data-e-type=\"section\">\n\t\t\t\t\t\t<div class=\"elementor-container elementor-column-gap-default\">\n\t\t\t\t\t<div class=\"elementor-column elementor-col-50 elementor-inner-column elementor-element elementor-element-d752285\" data-id=\"d752285\" data-element_type=\"column\" data-e-type=\"column\">\n\t\t\t<div class=\"elementor-widget-wrap elementor-element-populated\">\n\t\t\t\t\t\t<div class=\"elementor-element elementor-element-05ed093 gallery-spacing-custom elementor-widget elementor-widget-image-gallery\" data-id=\"05ed093\" data-element_type=\"widget\" data-e-type=\"widget\" data-widget_type=\"image-gallery.default\">\n\t\t\t\t<div class=\"elementor-widget-container\">\n\t\t\t\t\t\t\t<div class=\"elementor-image-gallery\">\n\t\t\t<div id='gallery-1' class='gallery galleryid-470 gallery-columns-3 gallery-size-neve-blog'><figure class='gallery-item'>\n\t\t\t<div class='gallery-icon portrait'>\n\t\t\t\t<a data-elementor-open-lightbox=\"yes\" data-elementor-lightbox-slideshow=\"05ed093\" data-elementor-lightbox-title=\"punkt1\" data-e-action-hash=\"#elementor-action%3Aaction%3Dlightbox%26settings%3DeyJpZCI6NzE2LCJ1cmwiOiJodHRwczpcL1wvb3N0ZW92ZXQuYXRcL2Ntc1wvd3AtY29udGVudFwvdXBsb2Fkc1wvMjAyMFwvMTJcL3B1bmt0MS0xLmpwZyIsInNsaWRlc2hvdyI6IjA1ZWQwOTMifQ%3D%3D\" href='https:\/\/osteovet.at\/cms\/wp-content\/uploads\/2020\/12\/punkt1-1.jpg'><img fetchpriority=\"high\" decoding=\"async\" width=\"682\" height=\"620\" src=\"https:\/\/osteovet.at\/cms\/wp-content\/uploads\/2020\/12\/punkt1-1-682x620.jpg\" class=\"attachment-neve-blog size-neve-blog\" alt=\"\" \/><\/a>\n\t\t\t<\/div><\/figure><figure class='gallery-item'>\n\t\t\t<div class='gallery-icon portrait'>\n\t\t\t\t<a data-elementor-open-lightbox=\"yes\" data-elementor-lightbox-slideshow=\"05ed093\" data-elementor-lightbox-title=\"haseweiss\" data-e-action-hash=\"#elementor-action%3Aaction%3Dlightbox%26settings%3DeyJpZCI6OTI3LCJ1cmwiOiJodHRwczpcL1wvb3N0ZW92ZXQuYXRcL2Ntc1wvd3AtY29udGVudFwvdXBsb2Fkc1wvMjAyMVwvMDFcL2hhc2V3ZWlzcy5qcGciLCJzbGlkZXNob3ciOiIwNWVkMDkzIn0%3D\" href='https:\/\/osteovet.at\/cms\/wp-content\/uploads\/2021\/01\/haseweiss.jpg'><img decoding=\"async\" width=\"768\" height=\"620\" src=\"https:\/\/osteovet.at\/cms\/wp-content\/uploads\/2021\/01\/haseweiss-768x620.jpg\" class=\"attachment-neve-blog size-neve-blog\" alt=\"\" \/><\/a>\n\t\t\t<\/div><\/figure><figure class='gallery-item'>\n\t\t\t<div class='gallery-icon portrait'>\n\t\t\t\t<a data-elementor-open-lightbox=\"yes\" data-elementor-lightbox-slideshow=\"05ed093\" data-elementor-lightbox-title=\"gaya\" data-e-action-hash=\"#elementor-action%3Aaction%3Dlightbox%26settings%3DeyJpZCI6OTI5LCJ1cmwiOiJodHRwczpcL1wvb3N0ZW92ZXQuYXRcL2Ntc1wvd3AtY29udGVudFwvdXBsb2Fkc1wvMjAyMVwvMDFcL2dheWEuanBnIiwic2xpZGVzaG93IjoiMDVlZDA5MyJ9\" href='https:\/\/osteovet.at\/cms\/wp-content\/uploads\/2021\/01\/gaya.jpg'><img decoding=\"async\" width=\"930\" height=\"620\" src=\"https:\/\/osteovet.at\/cms\/wp-content\/uploads\/2021\/01\/gaya-930x620.jpg\" class=\"attachment-neve-blog size-neve-blog\" alt=\"\" \/><\/a>\n\t\t\t<\/div><\/figure><figure class='gallery-item'>\n\t\t\t<div class='gallery-icon portrait'>\n\t\t\t\t<a data-elementor-open-lightbox=\"yes\" data-elementor-lightbox-slideshow=\"05ed093\" data-elementor-lightbox-title=\"0d684297-bdd8-4912-83ff-b6b0969d6a12\" data-e-action-hash=\"#elementor-action%3Aaction%3Dlightbox%26settings%3DeyJpZCI6OTI4LCJ1cmwiOiJodHRwczpcL1wvb3N0ZW92ZXQuYXRcL2Ntc1wvd3AtY29udGVudFwvdXBsb2Fkc1wvMjAyMVwvMDFcLzBkNjg0Mjk3LWJkZDgtNDkxMi04M2ZmLWI2YjA5NjlkNmExMi0xLmpwZWciLCJzbGlkZXNob3ciOiIwNWVkMDkzIn0%3D\" href='https:\/\/osteovet.at\/cms\/wp-content\/uploads\/2021\/01\/0d684297-bdd8-4912-83ff-b6b0969d6a12-1.jpeg'><img loading=\"lazy\" decoding=\"async\" width=\"930\" height=\"620\" src=\"https:\/\/osteovet.at\/cms\/wp-content\/uploads\/2021\/01\/0d684297-bdd8-4912-83ff-b6b0969d6a12-1-930x620.jpeg\" class=\"attachment-neve-blog size-neve-blog\" alt=\"\" \/><\/a>\n\t\t\t<\/div><\/figure><figure class='gallery-item'>\n\t\t\t<div class='gallery-icon portrait'>\n\t\t\t\t<a data-elementor-open-lightbox=\"yes\" data-elementor-lightbox-slideshow=\"05ed093\" data-elementor-lightbox-title=\"gang\" data-e-action-hash=\"#elementor-action%3Aaction%3Dlightbox%26settings%3DeyJpZCI6NzA1LCJ1cmwiOiJodHRwczpcL1wvb3N0ZW92ZXQuYXRcL2Ntc1wvd3AtY29udGVudFwvdXBsb2Fkc1wvMjAyMFwvMTJcL2dhbmcuanBnIiwic2xpZGVzaG93IjoiMDVlZDA5MyJ9\" href='https:\/\/osteovet.at\/cms\/wp-content\/uploads\/2020\/12\/gang.jpg'><img loading=\"lazy\" decoding=\"async\" width=\"930\" height=\"620\" src=\"https:\/\/osteovet.at\/cms\/wp-content\/uploads\/2020\/12\/gang-930x620.jpg\" class=\"attachment-neve-blog size-neve-blog\" alt=\"\" \/><\/a>\n\t\t\t<\/div><\/figure><figure class='gallery-item'>\n\t\t\t<div class='gallery-icon portrait'>\n\t\t\t\t<a data-elementor-open-lightbox=\"yes\" data-elementor-lightbox-slideshow=\"05ed093\" data-elementor-lightbox-title=\"ordinationsraum\" data-e-action-hash=\"#elementor-action%3Aaction%3Dlightbox%26settings%3DeyJpZCI6NzEyLCJ1cmwiOiJodHRwczpcL1wvb3N0ZW92ZXQuYXRcL2Ntc1wvd3AtY29udGVudFwvdXBsb2Fkc1wvMjAyMFwvMTJcL29yZGluYXRpb25zcmF1bS5qcGciLCJzbGlkZXNob3ciOiIwNWVkMDkzIn0%3D\" href='https:\/\/osteovet.at\/cms\/wp-content\/uploads\/2020\/12\/ordinationsraum.jpg'><img loading=\"lazy\" decoding=\"async\" width=\"768\" height=\"620\" src=\"https:\/\/osteovet.at\/cms\/wp-content\/uploads\/2020\/12\/ordinationsraum-768x620.jpg\" class=\"attachment-neve-blog size-neve-blog\" alt=\"\" \/><\/a>\n\t\t\t<\/div><\/figure><figure class='gallery-item'>\n\t\t\t<div class='gallery-icon landscape'>\n\t\t\t\t<a data-elementor-open-lightbox=\"yes\" data-elementor-lightbox-slideshow=\"05ed093\" data-elementor-lightbox-title=\"warteraum\" data-e-action-hash=\"#elementor-action%3Aaction%3Dlightbox%26settings%3DeyJpZCI6NzA2LCJ1cmwiOiJodHRwczpcL1wvb3N0ZW92ZXQuYXRcL2Ntc1wvd3AtY29udGVudFwvdXBsb2Fkc1wvMjAyMFwvMTJcL3dhcnRlcmF1bS5qcGciLCJzbGlkZXNob3ciOiIwNWVkMDkzIn0%3D\" href='https:\/\/osteovet.at\/cms\/wp-content\/uploads\/2020\/12\/warteraum.jpg'><img loading=\"lazy\" decoding=\"async\" width=\"930\" height=\"620\" src=\"https:\/\/osteovet.at\/cms\/wp-content\/uploads\/2020\/12\/warteraum-930x620.jpg\" class=\"attachment-neve-blog size-neve-blog\" alt=\"\" \/><\/a>\n\t\t\t<\/div><\/figure><figure class='gallery-item'>\n\t\t\t<div class='gallery-icon landscape'>\n\t\t\t\t<a data-elementor-open-lightbox=\"yes\" data-elementor-lightbox-slideshow=\"05ed093\" data-elementor-lightbox-title=\"warteraum2\" data-e-action-hash=\"#elementor-action%3Aaction%3Dlightbox%26settings%3DeyJpZCI6NzA3LCJ1cmwiOiJodHRwczpcL1wvb3N0ZW92ZXQuYXRcL2Ntc1wvd3AtY29udGVudFwvdXBsb2Fkc1wvMjAyMFwvMTJcL3dhcnRlcmF1bTIuanBnIiwic2xpZGVzaG93IjoiMDVlZDA5MyJ9\" href='https:\/\/osteovet.at\/cms\/wp-content\/uploads\/2020\/12\/warteraum2.jpg'><img loading=\"lazy\" decoding=\"async\" width=\"930\" height=\"620\" src=\"https:\/\/osteovet.at\/cms\/wp-content\/uploads\/2020\/12\/warteraum2-930x620.jpg\" class=\"attachment-neve-blog size-neve-blog\" alt=\"\" \/><\/a>\n\t\t\t<\/div><\/figure><figure class='gallery-item'>\n\t\t\t<div class='gallery-icon landscape'>\n\t\t\t\t<a data-elementor-open-lightbox=\"yes\" data-elementor-lightbox-slideshow=\"05ed093\" data-elementor-lightbox-title=\"ordinationsraum1\" data-e-action-hash=\"#elementor-action%3Aaction%3Dlightbox%26settings%3DeyJpZCI6NzEzLCJ1cmwiOiJodHRwczpcL1wvb3N0ZW92ZXQuYXRcL2Ntc1wvd3AtY29udGVudFwvdXBsb2Fkc1wvMjAyMFwvMTJcL29yZGluYXRpb25zcmF1bTEuanBnIiwic2xpZGVzaG93IjoiMDVlZDA5MyJ9\" href='https:\/\/osteovet.at\/cms\/wp-content\/uploads\/2020\/12\/ordinationsraum1.jpg'><img loading=\"lazy\" decoding=\"async\" width=\"930\" height=\"620\" src=\"https:\/\/osteovet.at\/cms\/wp-content\/uploads\/2020\/12\/ordinationsraum1-930x620.jpg\" class=\"attachment-neve-blog size-neve-blog\" alt=\"\" \/><\/a>\n\t\t\t<\/div><\/figure><figure class='gallery-item'>\n\t\t\t<div class='gallery-icon landscape'>\n\t\t\t\t<a data-elementor-open-lightbox=\"yes\" data-elementor-lightbox-slideshow=\"05ed093\" data-elementor-lightbox-title=\"punkti\" data-e-action-hash=\"#elementor-action%3Aaction%3Dlightbox%26settings%3DeyJpZCI6NzE1LCJ1cmwiOiJodHRwczpcL1wvb3N0ZW92ZXQuYXRcL2Ntc1wvd3AtY29udGVudFwvdXBsb2Fkc1wvMjAyMFwvMTJcL3B1bmt0aS5qcGciLCJzbGlkZXNob3ciOiIwNWVkMDkzIn0%3D\" href='https:\/\/osteovet.at\/cms\/wp-content\/uploads\/2020\/12\/punkti.jpg'><img loading=\"lazy\" decoding=\"async\" width=\"930\" height=\"620\" src=\"https:\/\/osteovet.at\/cms\/wp-content\/uploads\/2020\/12\/punkti-930x620.jpg\" class=\"attachment-neve-blog size-neve-blog\" alt=\"\" \/><\/a>\n\t\t\t<\/div><\/figure><figure class='gallery-item'>\n\t\t\t<div class='gallery-icon landscape'>\n\t\t\t\t<a data-elementor-open-lightbox=\"yes\" data-elementor-lightbox-slideshow=\"05ed093\" data-elementor-lightbox-title=\"meerschweinchen\" data-e-action-hash=\"#elementor-action%3Aaction%3Dlightbox%26settings%3DeyJpZCI6NzExLCJ1cmwiOiJodHRwczpcL1wvb3N0ZW92ZXQuYXRcL2Ntc1wvd3AtY29udGVudFwvdXBsb2Fkc1wvMjAyMFwvMTJcL21lZXJzY2h3ZWluY2hlbi5qcGciLCJzbGlkZXNob3ciOiIwNWVkMDkzIn0%3D\" href='https:\/\/osteovet.at\/cms\/wp-content\/uploads\/2020\/12\/meerschweinchen.jpg'><img loading=\"lazy\" decoding=\"async\" width=\"930\" height=\"620\" src=\"https:\/\/osteovet.at\/cms\/wp-content\/uploads\/2020\/12\/meerschweinchen-930x620.jpg\" class=\"attachment-neve-blog size-neve-blog\" alt=\"\" \/><\/a>\n\t\t\t<\/div><\/figure><figure class='gallery-item'>\n\t\t\t<div class='gallery-icon portrait'>\n\t\t\t\t<a data-elementor-open-lightbox=\"yes\" data-elementor-lightbox-slideshow=\"05ed093\" data-elementor-lightbox-title=\"IMG_7148\" data-e-action-hash=\"#elementor-action%3Aaction%3Dlightbox%26settings%3DeyJpZCI6OTMxLCJ1cmwiOiJodHRwczpcL1wvb3N0ZW92ZXQuYXRcL2Ntc1wvd3AtY29udGVudFwvdXBsb2Fkc1wvMjAyMVwvMDFcL0lNR183MTQ4LmpwZWciLCJzbGlkZXNob3ciOiIwNWVkMDkzIn0%3D\" href='https:\/\/osteovet.at\/cms\/wp-content\/uploads\/2021\/01\/IMG_7148.jpeg'><img loading=\"lazy\" decoding=\"async\" width=\"930\" height=\"620\" src=\"https:\/\/osteovet.at\/cms\/wp-content\/uploads\/2021\/01\/IMG_7148-930x620.jpeg\" class=\"attachment-neve-blog size-neve-blog\" alt=\"\" \/><\/a>\n\t\t\t<\/div><\/figure>\n\t\t<\/div>\n\t\t<\/div>\n\t\t\t\t\t\t<\/div>\n\t\t\t\t<\/div>\n\t\t\t\t\t<\/div>\n\t\t<\/div>\n\t\t\t\t<div class=\"elementor-column elementor-col-50 elementor-inner-column elementor-element elementor-element-b7e3f33\" data-id=\"b7e3f33\" data-element_type=\"column\" data-e-type=\"column\">\n\t\t\t<div class=\"elementor-widget-wrap elementor-element-populated\">\n\t\t\t\t\t\t<div class=\"elementor-element elementor-element-8d5d96f elementor-widget elementor-widget-heading\" data-id=\"8d5d96f\" data-element_type=\"widget\" data-e-type=\"widget\" data-widget_type=\"heading.default\">\n\t\t\t\t<div class=\"elementor-widget-container\">\n\t\t\t\t\t<h2 class=\"elementor-heading-title elementor-size-default\">Ordination u. Ausstattung<\/h2>\t\t\t\t<\/div>\n\t\t\t\t<\/div>\n\t\t\t\t<div class=\"elementor-element elementor-element-d7b19f1 elementor-icon-list--layout-traditional elementor-list-item-link-full_width elementor-widget elementor-widget-icon-list\" data-id=\"d7b19f1\" data-element_type=\"widget\" data-e-type=\"widget\" data-widget_type=\"icon-list.default\">\n\t\t\t\t<div class=\"elementor-widget-container\">\n\t\t\t\t\t\t\t<ul class=\"elementor-icon-list-items\">\n\t\t\t\t\t\t\t<li class=\"elementor-icon-list-item\">\n\t\t\t\t\t\t\t\t\t\t\t<span class=\"elementor-icon-list-icon\">\n\t\t\t\t\t\t\t<i aria-hidden=\"true\" class=\"fas fa-check-circle\"><\/i>\t\t\t\t\t\t<\/span>\n\t\t\t\t\t\t\t\t\t\t<span class=\"elementor-icon-list-text\">leistungsstarkes mobiles R\u00f6ntgen mit digitaler Entwicklung<\/span>\n\t\t\t\t\t\t\t\t\t<\/li>\n\t\t\t\t\t\t\t\t<li class=\"elementor-icon-list-item\">\n\t\t\t\t\t\t\t\t\t\t\t<span class=\"elementor-icon-list-icon\">\n\t\t\t\t\t\t\t<i aria-hidden=\"true\" class=\"fas fa-check-circle\"><\/i>\t\t\t\t\t\t<\/span>\n\t\t\t\t\t\t\t\t\t\t<span class=\"elementor-icon-list-text\">Befund kann auf Wunsch per eMail versendet oder auf CD gebrannt werden<\/span>\n\t\t\t\t\t\t\t\t\t<\/li>\n\t\t\t\t\t\t\t\t<li class=\"elementor-icon-list-item\">\n\t\t\t\t\t\t\t\t\t\t\t<span class=\"elementor-icon-list-icon\">\n\t\t\t\t\t\t\t<i aria-hidden=\"true\" class=\"fas fa-check-circle\"><\/i>\t\t\t\t\t\t<\/span>\n\t\t\t\t\t\t\t\t\t\t<span class=\"elementor-icon-list-text\">Mobiler Ultraschall<\/span>\n\t\t\t\t\t\t\t\t\t<\/li>\n\t\t\t\t\t\t\t\t<li class=\"elementor-icon-list-item\">\n\t\t\t\t\t\t\t\t\t\t\t<span class=\"elementor-icon-list-icon\">\n\t\t\t\t\t\t\t<i aria-hidden=\"true\" class=\"fas fa-check-circle\"><\/i>\t\t\t\t\t\t<\/span>\n\t\t\t\t\t\t\t\t\t\t<span class=\"elementor-icon-list-text\">modernes Labor f\u00fcr Blut-, Kot-, Harnproben <\/span>\n\t\t\t\t\t\t\t\t\t<\/li>\n\t\t\t\t\t\t\t\t<li class=\"elementor-icon-list-item\">\n\t\t\t\t\t\t\t\t\t\t\t<span class=\"elementor-icon-list-icon\">\n\t\t\t\t\t\t\t<i aria-hidden=\"true\" class=\"fas fa-check-circle\"><\/i>\t\t\t\t\t\t<\/span>\n\t\t\t\t\t\t\t\t\t\t<span class=\"elementor-icon-list-text\">EKG &amp; Blutdruckmesser<\/span>\n\t\t\t\t\t\t\t\t\t<\/li>\n\t\t\t\t\t\t\t\t<li class=\"elementor-icon-list-item\">\n\t\t\t\t\t\t\t\t\t\t\t<span class=\"elementor-icon-list-icon\">\n\t\t\t\t\t\t\t<i aria-hidden=\"true\" class=\"fas fa-check-circle\"><\/i>\t\t\t\t\t\t<\/span>\n\t\t\t\t\t\t\t\t\t\t<span class=\"elementor-icon-list-text\">Inhalationsnarkoseger\u00e4t inklusive \u00dcberwachungsmonitor<\/span>\n\t\t\t\t\t\t\t\t\t<\/li>\n\t\t\t\t\t\t\t\t<li class=\"elementor-icon-list-item\">\n\t\t\t\t\t\t\t\t\t\t\t<span class=\"elementor-icon-list-icon\">\n\t\t\t\t\t\t\t<i aria-hidden=\"true\" class=\"fas fa-check-circle\"><\/i>\t\t\t\t\t\t<\/span>\n\t\t\t\t\t\t\t\t\t\t<span class=\"elementor-icon-list-text\">digitale Tierwaage<\/span>\n\t\t\t\t\t\t\t\t\t<\/li>\n\t\t\t\t\t\t\t\t<li class=\"elementor-icon-list-item\">\n\t\t\t\t\t\t\t\t\t\t\t<span class=\"elementor-icon-list-icon\">\n\t\t\t\t\t\t\t<i aria-hidden=\"true\" class=\"fas fa-check-circle\"><\/i>\t\t\t\t\t\t<\/span>\n\t\t\t\t\t\t\t\t\t\t<span class=\"elementor-icon-list-text\">Gut ausgestattetes Praxisfahrzeug<\/span>\n\t\t\t\t\t\t\t\t\t<\/li>\n\t\t\t\t\t\t<\/ul>\n\t\t\t\t\t\t<\/div>\n\t\t\t\t<\/div>\n\t\t\t\t\t<\/div>\n\t\t<\/div>\n\t\t\t\t\t<\/div>\n\t\t<\/section>\n\t\t\t\t\t<\/div>\n\t\t<\/div>\n\t\t\t\t\t<\/div>\n\t\t<\/section>\n\t\t\t\t<\/div>\n\t\t","protected":false},"excerpt":{"rendered":"<p>Ordination u. Ausstattung leistungsstarkes mobiles R\u00f6ntgen mit digitaler Entwicklung Befund kann auf Wunsch per eMail versendet oder auf CD gebrannt werden Mobiler Ultraschall modernes Labor f\u00fcr Blut-, Kot-, Harnproben EKG &#038; Blutdruckmesser Inhalationsnarkoseger\u00e4t inklusive \u00dcberwachungsmonitor digitale Tierwaage Gut ausgestattetes Praxisfahrzeug<\/p>\n","protected":false},"author":1,"featured_media":570,"parent":0,"menu_order":0,"comment_status":"closed","ping_status":"closed","template":"","meta":{"neve_meta_sidebar":"full-width","neve_meta_container":"","neve_meta_enable_content_width":"on","neve_meta_content_width":100,"neve_meta_title_alignment":"","neve_meta_author_avatar":"","neve_post_elements_order":"","neve_meta_disable_header":"","neve_meta_disable_footer":"","neve_meta_disable_title":"","neve_meta_reading_time":"","_themeisle_gutenberg_block_has_review":false,"footnotes":""},"class_list":["post-470","page","type-page","status-publish","has-post-thumbnail","hentry"],"_links":{"self":[{"href":"https:\/\/osteovet.at\/cms\/wp-json\/wp\/v2\/pages\/470","targetHints":{"allow":["GET"]}}],"collection":[{"href":"https:\/\/osteovet.at\/cms\/wp-json\/wp\/v2\/pages"}],"about":[{"href":"https:\/\/osteovet.at\/cms\/wp-json\/wp\/v2\/types\/page"}],"author":[{"embeddable":true,"href":"https:\/\/osteovet.at\/cms\/wp-json\/wp\/v2\/users\/1"}],"replies":[{"embeddable":true,"href":"https:\/\/osteovet.at\/cms\/wp-json\/wp\/v2\/comments?post=470"}],"version-history":[{"count":32,"href":"https:\/\/osteovet.at\/cms\/wp-json\/wp\/v2\/pages\/470\/revisions"}],"predecessor-version":[{"id":934,"href":"https:\/\/osteovet.at\/cms\/wp-json\/wp\/v2\/pages\/470\/revisions\/934"}],"wp:featuredmedia":[{"embeddable":true,"href":"https:\/\/osteovet.at\/cms\/wp-json\/wp\/v2\/media\/570"}],"wp:attachment":[{"href":"https:\/\/osteovet.at\/cms\/wp-json\/wp\/v2\/media?parent=470"}],"curies":[{"name":"wp","href":"https:\/\/api.w.org\/{rel}","templated":true}]}}